{"id":9277,"date":"2025-12-12T11:31:57","date_gmt":"2025-12-12T10:31:57","guid":{"rendered":"https:\/\/www.gout-region.ch\/?page_id=9277"},"modified":"2025-12-12T12:11:38","modified_gmt":"2025-12-12T11:11:38","slug":"gruppenanlaesse","status":"publish","type":"page","link":"https:\/\/www.gout-region.ch\/de\/gruppenanlaesse\/","title":{"rendered":"Ihre Anl\u00e4sse by Go\u00fbt &#038; R\u00e9gion"},"content":{"rendered":"<p>Ihre Anl\u00e4sse by Go\u00fbt &amp; R\u00e9gion Bei Go\u00fbt &amp; R\u00e9gion stellen wir unser Know-how in den Dienst all jener, die einen sorgf\u00e4ltig organisierten Anlass, einen gut geplanten Firmenausflug oder einen zuverl\u00e4ssigen und qualitativ hochwertigen Catering-Service realisieren m\u00f6c <a href=\"https:\/\/www.gout-region.ch\/de\/gruppenanlaesse\/\" title=\"Read more on Ihre Anl\u00e4sse by Go\u00fbt &#038; R\u00e9gion\" class=\"more-link\">mehr<\/a><\/p>\n","protected":false},"excerpt":{"rendered":"<p>Ihre Anl\u00e4sse by Go\u00fbt &amp; R\u00e9gion Bei Go\u00fbt &amp; R\u00e9gion stellen wir unser Know-how in den Dienst all jener, die einen sorgf\u00e4ltig organisierten Anlass, einen gut geplanten Firmenausflug oder einen zuverl\u00e4ssigen und qualitativ hochwertigen Catering-Service realisieren m\u00f6c mehr<\/p>\n","protected":false},"author":4,"featured_media":0,"parent":0,"menu_order":0,"comment_status":"closed","ping_status":"closed","template":"","meta":[],"yoast_head":"<!-- This site is optimized with the Yoast SEO plugin v15.9.2 - https:\/\/yoast.com\/wordpress\/plugins\/seo\/ -->\n<title>Ihre Anl\u00e4sse by Go\u00fbt &amp; R\u00e9gion - Go\u00fbt &amp; R\u00e9gion | Val-de-Travers<\/title>\n<meta name=\"description\" content=\"Go\u00fbt &amp; R\u00e9gion: Anl\u00e4sse und Catering im Val-de-Travers. Einzigartige Orte, massgeschneiderte Leistungen, Mahlzeiten, Aktivit\u00e4ten oder Tagesprogramme.\" \/>\n<meta name=\"robots\" content=\"index, follow, max-snippet:-1, max-image-preview:large, max-video-preview:-1\" \/>\n<link rel=\"canonical\" href=\"https:\/\/www.gout-region.ch\/de\/gruppenanlaesse\/\" \/>\n<meta property=\"og:locale\" content=\"de_DE\" \/>\n<meta property=\"og:type\" content=\"article\" \/>\n<meta property=\"og:title\" content=\"Ihre Anl\u00e4sse by Go\u00fbt &amp; R\u00e9gion - Go\u00fbt &amp; R\u00e9gion | Val-de-Travers\" \/>\n<meta property=\"og:description\" content=\"Go\u00fbt &amp; R\u00e9gion: Anl\u00e4sse und Catering im Val-de-Travers. Einzigartige Orte, massgeschneiderte Leistungen, Mahlzeiten, Aktivit\u00e4ten oder Tagesprogramme.\" \/>\n<meta property=\"og:url\" content=\"https:\/\/www.gout-region.ch\/de\/gruppenanlaesse\/\" \/>\n<meta property=\"og:site_name\" content=\"Go\u00fbt &amp; R\u00e9gion | Val-de-Travers\" \/>\n<meta property=\"article:publisher\" content=\"https:\/\/www.facebook.com\/goutetregion\/\" \/>\n<meta property=\"article:modified_time\" content=\"2025-12-12T11:11:38+00:00\" \/>\n<meta property=\"og:image\" content=\"https:\/\/www.gout-region.ch\/wp-content\/uploads\/2018\/07\/CreuxduVan.jpg\" \/>\n\t<meta property=\"og:image:width\" content=\"1500\" \/>\n\t<meta property=\"og:image:height\" content=\"768\" \/>\n<meta name=\"twitter:card\" content=\"summary_large_image\" \/>\n<meta name=\"twitter:label1\" content=\"Gesch\u00e4tzte Lesezeit\">\n\t<meta name=\"twitter:data1\" content=\"2\u00a0Minuten\">\n<script type=\"application\/ld+json\" class=\"yoast-schema-graph\">{\"@context\":\"https:\/\/schema.org\",\"@graph\":[{\"@type\":\"WebSite\",\"@id\":\"https:\/\/www.gout-region.ch\/de\/#website\",\"url\":\"https:\/\/www.gout-region.ch\/de\/\",\"name\":\"Go\\u00fbt &amp; R\\u00e9gion | Val-de-Travers\",\"description\":\"\",\"potentialAction\":[{\"@type\":\"SearchAction\",\"target\":\"https:\/\/www.gout-region.ch\/de\/?s={search_term_string}\",\"query-input\":\"required name=search_term_string\"}],\"inLanguage\":\"de\"},{\"@type\":\"WebPage\",\"@id\":\"https:\/\/www.gout-region.ch\/de\/gruppenanlaesse\/#webpage\",\"url\":\"https:\/\/www.gout-region.ch\/de\/gruppenanlaesse\/\",\"name\":\"Ihre Anl\\u00e4sse by Go\\u00fbt & R\\u00e9gion - Go\\u00fbt &amp; R\\u00e9gion | Val-de-Travers\",\"isPartOf\":{\"@id\":\"https:\/\/www.gout-region.ch\/de\/#website\"},\"datePublished\":\"2025-12-12T10:31:57+00:00\",\"dateModified\":\"2025-12-12T11:11:38+00:00\",\"description\":\"Go\\u00fbt & R\\u00e9gion: Anl\\u00e4sse und Catering im Val-de-Travers. Einzigartige Orte, massgeschneiderte Leistungen, Mahlzeiten, Aktivit\\u00e4ten oder Tagesprogramme.\",\"breadcrumb\":{\"@id\":\"https:\/\/www.gout-region.ch\/de\/gruppenanlaesse\/#breadcrumb\"},\"inLanguage\":\"de\",\"potentialAction\":[{\"@type\":\"ReadAction\",\"target\":[\"https:\/\/www.gout-region.ch\/de\/gruppenanlaesse\/\"]}]},{\"@type\":\"BreadcrumbList\",\"@id\":\"https:\/\/www.gout-region.ch\/de\/gruppenanlaesse\/#breadcrumb\",\"itemListElement\":[{\"@type\":\"ListItem\",\"position\":1,\"item\":{\"@type\":\"WebPage\",\"@id\":\"https:\/\/www.gout-region.ch\/de\/\",\"url\":\"https:\/\/www.gout-region.ch\/de\/\",\"name\":\"Accueil\"}},{\"@type\":\"ListItem\",\"position\":2,\"item\":{\"@type\":\"WebPage\",\"@id\":\"https:\/\/www.gout-region.ch\/de\/gruppenanlaesse\/\",\"url\":\"https:\/\/www.gout-region.ch\/de\/gruppenanlaesse\/\",\"name\":\"Ihre Anl\\u00e4sse by Go\\u00fbt &#038; R\\u00e9gion\"}}]}]}<\/script>\n<!-- \/ Yoast SEO plugin. -->","_links":{"self":[{"href":"https:\/\/www.gout-region.ch\/de\/wp-json\/wp\/v2\/pages\/9277"}],"collection":[{"href":"https:\/\/www.gout-region.ch\/de\/wp-json\/wp\/v2\/pages"}],"about":[{"href":"https:\/\/www.gout-region.ch\/de\/wp-json\/wp\/v2\/types\/page"}],"author":[{"embeddable":true,"href":"https:\/\/www.gout-region.ch\/de\/wp-json\/wp\/v2\/users\/4"}],"replies":[{"embeddable":true,"href":"https:\/\/www.gout-region.ch\/de\/wp-json\/wp\/v2\/comments?post=9277"}],"version-history":[{"count":5,"href":"https:\/\/www.gout-region.ch\/de\/wp-json\/wp\/v2\/pages\/9277\/revisions"}],"predecessor-version":[{"id":9361,"href":"https:\/\/www.gout-region.ch\/de\/wp-json\/wp\/v2\/pages\/9277\/revisions\/9361"}],"wp:attachment":[{"href":"https:\/\/www.gout-region.ch\/de\/wp-json\/wp\/v2\/media?parent=9277"}],"curies":[{"name":"wp","href":"https:\/\/api.w.org\/{rel}","templated":true}]}}