{"id":9152,"date":"2025-11-17T15:54:04","date_gmt":"2025-11-17T14:54:04","guid":{"rendered":"https:\/\/www.gout-region.ch\/?page_id=9152"},"modified":"2025-12-12T12:13:11","modified_gmt":"2025-12-12T11:13:11","slug":"gruppen","status":"publish","type":"page","link":"https:\/\/www.gout-region.ch\/de\/gruppen\/","title":{"rendered":"Ihr Gruppenausflug ins Val-de-Travers"},"content":{"rendered":"<p>Ihr Gruppenausflug by Go\u00fbt &amp; R\u00e9gion Go\u00fbt &amp; R\u00e9gion ist Ihr idealer Partner f\u00fcr die Organisation von Gruppenausfl\u00fcgen im Val-de-Travers. Als Spezialisten f\u00fcr Erlebnisse, die Entdeckung, Entspannung und Genuss verbinden, bieten wir massgeschneiderte Angebote, die s <a href=\"https:\/\/www.gout-region.ch\/de\/gruppen\/\" title=\"Read more on Ihr Gruppenausflug ins Val-de-Travers\" class=\"more-link\">mehr<\/a><\/p>\n","protected":false},"excerpt":{"rendered":"<p>Ihr Gruppenausflug by Go\u00fbt &amp; R\u00e9gion Go\u00fbt &amp; R\u00e9gion ist Ihr idealer Partner f\u00fcr die Organisation von Gruppenausfl\u00fcgen im Val-de-Travers. Als Spezialisten f\u00fcr Erlebnisse, die Entdeckung, Entspannung und Genuss verbinden, bieten wir massgeschneiderte Angebote, die s mehr<\/p>\n","protected":false},"author":4,"featured_media":0,"parent":0,"menu_order":0,"comment_status":"closed","ping_status":"closed","template":"","meta":[],"yoast_head":"<!-- This site is optimized with the Yoast SEO plugin v15.9.2 - https:\/\/yoast.com\/wordpress\/plugins\/seo\/ -->\n<title>Go\u00fbt &amp; R\u00e9gion: Ihr Gruppenausflug ins Val-de-Travers<\/title>\n<meta name=\"description\" content=\"Gruppenausfl\u00fcge im Val-de-Travers: einzigartige Aktivit\u00e4ten in den Asphaltminen, massgeschneiderte Mahlzeiten und Unterk\u00fcnfte mit Go\u00fbt &amp; R\u00e9gion.\" \/>\n<meta name=\"robots\" content=\"index, follow, max-snippet:-1, max-image-preview:large, max-video-preview:-1\" \/>\n<link rel=\"canonical\" href=\"https:\/\/www.gout-region.ch\/de\/gruppen\/\" \/>\n<meta property=\"og:locale\" content=\"de_DE\" \/>\n<meta property=\"og:type\" content=\"article\" \/>\n<meta property=\"og:title\" content=\"Go\u00fbt &amp; R\u00e9gion: Ihr Gruppenausflug ins Val-de-Travers\" \/>\n<meta property=\"og:description\" content=\"Gruppenausfl\u00fcge im Val-de-Travers: einzigartige Aktivit\u00e4ten in den Asphaltminen, massgeschneiderte Mahlzeiten und Unterk\u00fcnfte mit Go\u00fbt &amp; R\u00e9gion.\" \/>\n<meta property=\"og:url\" content=\"https:\/\/www.gout-region.ch\/de\/gruppen\/\" \/>\n<meta property=\"og:site_name\" content=\"Go\u00fbt &amp; R\u00e9gion | Val-de-Travers\" \/>\n<meta property=\"article:publisher\" content=\"https:\/\/www.facebook.com\/goutetregion\/\" \/>\n<meta property=\"article:modified_time\" content=\"2025-12-12T11:13:11+00:00\" \/>\n<meta property=\"og:image\" content=\"https:\/\/www.gout-region.ch\/wp-content\/uploads\/2018\/07\/CreuxduVan.jpg\" \/>\n\t<meta property=\"og:image:width\" content=\"1500\" \/>\n\t<meta property=\"og:image:height\" content=\"768\" \/>\n<meta name=\"twitter:card\" content=\"summary_large_image\" \/>\n<meta name=\"twitter:label1\" content=\"Gesch\u00e4tzte Lesezeit\">\n\t<meta name=\"twitter:data1\" content=\"10\u00a0Minuten\">\n<script type=\"application\/ld+json\" class=\"yoast-schema-graph\">{\"@context\":\"https:\/\/schema.org\",\"@graph\":[{\"@type\":\"WebSite\",\"@id\":\"https:\/\/www.gout-region.ch\/de\/#website\",\"url\":\"https:\/\/www.gout-region.ch\/de\/\",\"name\":\"Go\\u00fbt &amp; R\\u00e9gion | Val-de-Travers\",\"description\":\"\",\"potentialAction\":[{\"@type\":\"SearchAction\",\"target\":\"https:\/\/www.gout-region.ch\/de\/?s={search_term_string}\",\"query-input\":\"required name=search_term_string\"}],\"inLanguage\":\"de\"},{\"@type\":\"WebPage\",\"@id\":\"https:\/\/www.gout-region.ch\/de\/gruppen\/#webpage\",\"url\":\"https:\/\/www.gout-region.ch\/de\/gruppen\/\",\"name\":\"Go\\u00fbt & R\\u00e9gion: Ihr Gruppenausflug ins Val-de-Travers\",\"isPartOf\":{\"@id\":\"https:\/\/www.gout-region.ch\/de\/#website\"},\"datePublished\":\"2025-11-17T14:54:04+00:00\",\"dateModified\":\"2025-12-12T11:13:11+00:00\",\"description\":\"Gruppenausfl\\u00fcge im Val-de-Travers: einzigartige Aktivit\\u00e4ten in den Asphaltminen, massgeschneiderte Mahlzeiten und Unterk\\u00fcnfte mit Go\\u00fbt & R\\u00e9gion.\",\"breadcrumb\":{\"@id\":\"https:\/\/www.gout-region.ch\/de\/gruppen\/#breadcrumb\"},\"inLanguage\":\"de\",\"potentialAction\":[{\"@type\":\"ReadAction\",\"target\":[\"https:\/\/www.gout-region.ch\/de\/gruppen\/\"]}]},{\"@type\":\"BreadcrumbList\",\"@id\":\"https:\/\/www.gout-region.ch\/de\/gruppen\/#breadcrumb\",\"itemListElement\":[{\"@type\":\"ListItem\",\"position\":1,\"item\":{\"@type\":\"WebPage\",\"@id\":\"https:\/\/www.gout-region.ch\/de\/\",\"url\":\"https:\/\/www.gout-region.ch\/de\/\",\"name\":\"Accueil\"}},{\"@type\":\"ListItem\",\"position\":2,\"item\":{\"@type\":\"WebPage\",\"@id\":\"https:\/\/www.gout-region.ch\/de\/gruppen\/\",\"url\":\"https:\/\/www.gout-region.ch\/de\/gruppen\/\",\"name\":\"Ihr Gruppenausflug ins Val-de-Travers\"}}]}]}<\/script>\n<!-- \/ Yoast SEO plugin. -->","_links":{"self":[{"href":"https:\/\/www.gout-region.ch\/de\/wp-json\/wp\/v2\/pages\/9152"}],"collection":[{"href":"https:\/\/www.gout-region.ch\/de\/wp-json\/wp\/v2\/pages"}],"about":[{"href":"https:\/\/www.gout-region.ch\/de\/wp-json\/wp\/v2\/types\/page"}],"author":[{"embeddable":true,"href":"https:\/\/www.gout-region.ch\/de\/wp-json\/wp\/v2\/users\/4"}],"replies":[{"embeddable":true,"href":"https:\/\/www.gout-region.ch\/de\/wp-json\/wp\/v2\/comments?post=9152"}],"version-history":[{"count":10,"href":"https:\/\/www.gout-region.ch\/de\/wp-json\/wp\/v2\/pages\/9152\/revisions"}],"predecessor-version":[{"id":9362,"href":"https:\/\/www.gout-region.ch\/de\/wp-json\/wp\/v2\/pages\/9152\/revisions\/9362"}],"wp:attachment":[{"href":"https:\/\/www.gout-region.ch\/de\/wp-json\/wp\/v2\/media?parent=9152"}],"curies":[{"name":"wp","href":"https:\/\/api.w.org\/{rel}","templated":true}]}}