{"id":9138,"date":"2025-12-11T16:38:31","date_gmt":"2025-12-11T15:38:31","guid":{"rendered":"https:\/\/www.gout-region.ch\/?page_id=9138"},"modified":"2025-12-12T12:26:59","modified_gmt":"2025-12-12T11:26:59","slug":"catering-service","status":"publish","type":"page","link":"https:\/\/www.gout-region.ch\/de\/catering-service\/","title":{"rendered":"Catering-Service"},"content":{"rendered":"<p>Catering-Service \u00dcberlassen Sie Ihr Event Go\u00fbt &amp; R\u00e9gion Unser Catering-Service, mit Sorgfalt vom Restaurant des H\u00f4tel de l\u2019Aigle zubereitet, begleitet Ihre Familienfeiern, Hochzeiten, Bankette oder Firmenanl\u00e4sse. Wir passen unsere Angebote Ihren W\u00fcnschen und Ihrem B <a href=\"https:\/\/www.gout-region.ch\/de\/catering-service\/\" title=\"Read more on Catering-Service\" class=\"more-link\">mehr<\/a><\/p>\n","protected":false},"excerpt":{"rendered":"<p>Catering-Service \u00dcberlassen Sie Ihr Event Go\u00fbt &amp; R\u00e9gion Unser Catering-Service, mit Sorgfalt vom Restaurant des H\u00f4tel de l\u2019Aigle zubereitet, begleitet Ihre Familienfeiern, Hochzeiten, Bankette oder Firmenanl\u00e4sse. Wir passen unsere Angebote Ihren W\u00fcnschen und Ihrem B mehr<\/p>\n","protected":false},"author":4,"featured_media":0,"parent":0,"menu_order":0,"comment_status":"closed","ping_status":"closed","template":"","meta":[],"yoast_head":"<!-- This site is optimized with the Yoast SEO plugin v15.9.2 - https:\/\/yoast.com\/wordpress\/plugins\/seo\/ -->\n<title>Go\u00fbt &amp; R\u00e9gion: ein Catering-Service f\u00fcr jeden Geschmack<\/title>\n<meta name=\"description\" content=\"Unser Catering-Service, mit Sorgfalt vom Restaurant des H\u00f4tel de l\u2019Aigle im Val-de-Travers zubereitet, begleitet Ihre Feste, Bankette oder Firmenanl\u00e4sse.\" \/>\n<meta name=\"robots\" content=\"index, follow, max-snippet:-1, max-image-preview:large, max-video-preview:-1\" \/>\n<link rel=\"canonical\" href=\"https:\/\/www.gout-region.ch\/de\/catering-service\/\" \/>\n<meta property=\"og:locale\" content=\"de_DE\" \/>\n<meta property=\"og:type\" content=\"article\" \/>\n<meta property=\"og:title\" content=\"Go\u00fbt &amp; R\u00e9gion: ein Catering-Service f\u00fcr jeden Geschmack\" \/>\n<meta property=\"og:description\" content=\"Unser Catering-Service, mit Sorgfalt vom Restaurant des H\u00f4tel de l\u2019Aigle im Val-de-Travers zubereitet, begleitet Ihre Feste, Bankette oder Firmenanl\u00e4sse.\" \/>\n<meta property=\"og:url\" content=\"https:\/\/www.gout-region.ch\/de\/catering-service\/\" \/>\n<meta property=\"og:site_name\" content=\"Go\u00fbt &amp; R\u00e9gion | Val-de-Travers\" \/>\n<meta property=\"article:publisher\" content=\"https:\/\/www.facebook.com\/goutetregion\/\" \/>\n<meta property=\"article:modified_time\" content=\"2025-12-12T11:26:59+00:00\" \/>\n<meta property=\"og:image\" content=\"https:\/\/www.gout-region.ch\/wp-content\/uploads\/2018\/07\/CreuxduVan.jpg\" \/>\n\t<meta property=\"og:image:width\" content=\"1500\" \/>\n\t<meta property=\"og:image:height\" content=\"768\" \/>\n<meta name=\"twitter:card\" content=\"summary_large_image\" \/>\n<meta name=\"twitter:label1\" content=\"Gesch\u00e4tzte Lesezeit\">\n\t<meta name=\"twitter:data1\" content=\"3\u00a0Minuten\">\n<script type=\"application\/ld+json\" class=\"yoast-schema-graph\">{\"@context\":\"https:\/\/schema.org\",\"@graph\":[{\"@type\":\"WebSite\",\"@id\":\"https:\/\/www.gout-region.ch\/de\/#website\",\"url\":\"https:\/\/www.gout-region.ch\/de\/\",\"name\":\"Go\\u00fbt &amp; R\\u00e9gion | Val-de-Travers\",\"description\":\"\",\"potentialAction\":[{\"@type\":\"SearchAction\",\"target\":\"https:\/\/www.gout-region.ch\/de\/?s={search_term_string}\",\"query-input\":\"required name=search_term_string\"}],\"inLanguage\":\"de\"},{\"@type\":\"WebPage\",\"@id\":\"https:\/\/www.gout-region.ch\/de\/catering-service\/#webpage\",\"url\":\"https:\/\/www.gout-region.ch\/de\/catering-service\/\",\"name\":\"Go\\u00fbt & R\\u00e9gion: ein Catering-Service f\\u00fcr jeden Geschmack\",\"isPartOf\":{\"@id\":\"https:\/\/www.gout-region.ch\/de\/#website\"},\"datePublished\":\"2025-12-11T15:38:31+00:00\",\"dateModified\":\"2025-12-12T11:26:59+00:00\",\"description\":\"Unser Catering-Service, mit Sorgfalt vom Restaurant des H\\u00f4tel de l\\u2019Aigle im Val-de-Travers zubereitet, begleitet Ihre Feste, Bankette oder Firmenanl\\u00e4sse.\",\"breadcrumb\":{\"@id\":\"https:\/\/www.gout-region.ch\/de\/catering-service\/#breadcrumb\"},\"inLanguage\":\"de\",\"potentialAction\":[{\"@type\":\"ReadAction\",\"target\":[\"https:\/\/www.gout-region.ch\/de\/catering-service\/\"]}]},{\"@type\":\"BreadcrumbList\",\"@id\":\"https:\/\/www.gout-region.ch\/de\/catering-service\/#breadcrumb\",\"itemListElement\":[{\"@type\":\"ListItem\",\"position\":1,\"item\":{\"@type\":\"WebPage\",\"@id\":\"https:\/\/www.gout-region.ch\/de\/\",\"url\":\"https:\/\/www.gout-region.ch\/de\/\",\"name\":\"Accueil\"}},{\"@type\":\"ListItem\",\"position\":2,\"item\":{\"@type\":\"WebPage\",\"@id\":\"https:\/\/www.gout-region.ch\/de\/catering-service\/\",\"url\":\"https:\/\/www.gout-region.ch\/de\/catering-service\/\",\"name\":\"Catering-Service\"}}]}]}<\/script>\n<!-- \/ Yoast SEO plugin. -->","_links":{"self":[{"href":"https:\/\/www.gout-region.ch\/de\/wp-json\/wp\/v2\/pages\/9138"}],"collection":[{"href":"https:\/\/www.gout-region.ch\/de\/wp-json\/wp\/v2\/pages"}],"about":[{"href":"https:\/\/www.gout-region.ch\/de\/wp-json\/wp\/v2\/types\/page"}],"author":[{"embeddable":true,"href":"https:\/\/www.gout-region.ch\/de\/wp-json\/wp\/v2\/users\/4"}],"replies":[{"embeddable":true,"href":"https:\/\/www.gout-region.ch\/de\/wp-json\/wp\/v2\/comments?post=9138"}],"version-history":[{"count":7,"href":"https:\/\/www.gout-region.ch\/de\/wp-json\/wp\/v2\/pages\/9138\/revisions"}],"predecessor-version":[{"id":9367,"href":"https:\/\/www.gout-region.ch\/de\/wp-json\/wp\/v2\/pages\/9138\/revisions\/9367"}],"wp:attachment":[{"href":"https:\/\/www.gout-region.ch\/de\/wp-json\/wp\/v2\/media?parent=9138"}],"curies":[{"name":"wp","href":"https:\/\/api.w.org\/{rel}","templated":true}]}}