{"id":9130,"date":"2025-12-12T11:16:39","date_gmt":"2025-12-12T10:16:39","guid":{"rendered":"https:\/\/www.gout-region.ch\/?page_id=9130"},"modified":"2025-12-12T12:16:22","modified_gmt":"2025-12-12T11:16:22","slug":"unterkunfte","status":"publish","type":"page","link":"https:\/\/www.gout-region.ch\/de\/unterkunfte\/","title":{"rendered":"Unsere Unterk\u00fcnfte"},"content":{"rendered":"<p>Unsere Unterk\u00fcnfte Verl\u00e4ngern Sie Ihren Aufenthalt im Val-de-Travers und \u00fcbernachten Sie in einer unserer Unterk\u00fcnfte. F\u00fcr Ihren Aufenthalt im Val-de-Travers stehen Ihnen zwei Unterkunftsoptionen zur Verf\u00fcgung: das H\u00f4tel de l\u2019Aigle, ein charmantes Haus im Herzen des Dor <a href=\"https:\/\/www.gout-region.ch\/de\/unterkunfte\/\" title=\"Read more on Unsere Unterk\u00fcnfte\" class=\"more-link\">mehr<\/a><\/p>\n","protected":false},"excerpt":{"rendered":"<p>Unsere Unterk\u00fcnfte Verl\u00e4ngern Sie Ihren Aufenthalt im Val-de-Travers und \u00fcbernachten Sie in einer unserer Unterk\u00fcnfte. F\u00fcr Ihren Aufenthalt im Val-de-Travers stehen Ihnen zwei Unterkunftsoptionen zur Verf\u00fcgung: das H\u00f4tel de l\u2019Aigle, ein charmantes Haus im Herzen des Dor mehr<\/p>\n","protected":false},"author":4,"featured_media":0,"parent":0,"menu_order":0,"comment_status":"closed","ping_status":"closed","template":"","meta":[],"yoast_head":"<!-- This site is optimized with the Yoast SEO plugin v15.9.2 - https:\/\/yoast.com\/wordpress\/plugins\/seo\/ -->\n<title>Go\u00fbt &amp; R\u00e9gion: unsere Unterk\u00fcnfte im Herzen des Val-de-Travers<\/title>\n<meta name=\"description\" content=\"Entdecken Sie unsere beiden Unterk\u00fcnfte im Val-de-Travers: das H\u00f4tel de l\u2019Aigle f\u00fcr einen Aufenthalt mit Charme sowie die Jugendherberge \u2013 ideal f\u00fcr Gruppen.\" \/>\n<meta name=\"robots\" content=\"index, follow, max-snippet:-1, max-image-preview:large, max-video-preview:-1\" \/>\n<link rel=\"canonical\" href=\"https:\/\/www.gout-region.ch\/de\/unterkunfte\/\" \/>\n<meta property=\"og:locale\" content=\"de_DE\" \/>\n<meta property=\"og:type\" content=\"article\" \/>\n<meta property=\"og:title\" content=\"Go\u00fbt &amp; R\u00e9gion: unsere Unterk\u00fcnfte im Herzen des Val-de-Travers\" \/>\n<meta property=\"og:description\" content=\"Entdecken Sie unsere beiden Unterk\u00fcnfte im Val-de-Travers: das H\u00f4tel de l\u2019Aigle f\u00fcr einen Aufenthalt mit Charme sowie die Jugendherberge \u2013 ideal f\u00fcr Gruppen.\" \/>\n<meta property=\"og:url\" content=\"https:\/\/www.gout-region.ch\/de\/unterkunfte\/\" \/>\n<meta property=\"og:site_name\" content=\"Go\u00fbt &amp; R\u00e9gion | Val-de-Travers\" \/>\n<meta property=\"article:publisher\" content=\"https:\/\/www.facebook.com\/goutetregion\/\" \/>\n<meta property=\"article:modified_time\" content=\"2025-12-12T11:16:22+00:00\" \/>\n<meta property=\"og:image\" content=\"https:\/\/www.gout-region.ch\/wp-content\/uploads\/2018\/07\/CreuxduVan.jpg\" \/>\n\t<meta property=\"og:image:width\" content=\"1500\" \/>\n\t<meta property=\"og:image:height\" content=\"768\" \/>\n<meta name=\"twitter:card\" content=\"summary_large_image\" \/>\n<meta name=\"twitter:label1\" content=\"Gesch\u00e4tzte Lesezeit\">\n\t<meta name=\"twitter:data1\" content=\"4\u00a0Minuten\">\n<script type=\"application\/ld+json\" class=\"yoast-schema-graph\">{\"@context\":\"https:\/\/schema.org\",\"@graph\":[{\"@type\":\"WebSite\",\"@id\":\"https:\/\/www.gout-region.ch\/de\/#website\",\"url\":\"https:\/\/www.gout-region.ch\/de\/\",\"name\":\"Go\\u00fbt &amp; R\\u00e9gion | Val-de-Travers\",\"description\":\"\",\"potentialAction\":[{\"@type\":\"SearchAction\",\"target\":\"https:\/\/www.gout-region.ch\/de\/?s={search_term_string}\",\"query-input\":\"required name=search_term_string\"}],\"inLanguage\":\"de\"},{\"@type\":\"WebPage\",\"@id\":\"https:\/\/www.gout-region.ch\/de\/unterkunfte\/#webpage\",\"url\":\"https:\/\/www.gout-region.ch\/de\/unterkunfte\/\",\"name\":\"Go\\u00fbt & R\\u00e9gion: unsere Unterk\\u00fcnfte im Herzen des Val-de-Travers\",\"isPartOf\":{\"@id\":\"https:\/\/www.gout-region.ch\/de\/#website\"},\"datePublished\":\"2025-12-12T10:16:39+00:00\",\"dateModified\":\"2025-12-12T11:16:22+00:00\",\"description\":\"Entdecken Sie unsere beiden Unterk\\u00fcnfte im Val-de-Travers: das H\\u00f4tel de l\\u2019Aigle f\\u00fcr einen Aufenthalt mit Charme sowie die Jugendherberge \\u2013 ideal f\\u00fcr Gruppen.\",\"breadcrumb\":{\"@id\":\"https:\/\/www.gout-region.ch\/de\/unterkunfte\/#breadcrumb\"},\"inLanguage\":\"de\",\"potentialAction\":[{\"@type\":\"ReadAction\",\"target\":[\"https:\/\/www.gout-region.ch\/de\/unterkunfte\/\"]}]},{\"@type\":\"BreadcrumbList\",\"@id\":\"https:\/\/www.gout-region.ch\/de\/unterkunfte\/#breadcrumb\",\"itemListElement\":[{\"@type\":\"ListItem\",\"position\":1,\"item\":{\"@type\":\"WebPage\",\"@id\":\"https:\/\/www.gout-region.ch\/de\/\",\"url\":\"https:\/\/www.gout-region.ch\/de\/\",\"name\":\"Accueil\"}},{\"@type\":\"ListItem\",\"position\":2,\"item\":{\"@type\":\"WebPage\",\"@id\":\"https:\/\/www.gout-region.ch\/de\/unterkunfte\/\",\"url\":\"https:\/\/www.gout-region.ch\/de\/unterkunfte\/\",\"name\":\"Unsere Unterk\\u00fcnfte\"}}]}]}<\/script>\n<!-- \/ Yoast SEO plugin. -->","_links":{"self":[{"href":"https:\/\/www.gout-region.ch\/de\/wp-json\/wp\/v2\/pages\/9130"}],"collection":[{"href":"https:\/\/www.gout-region.ch\/de\/wp-json\/wp\/v2\/pages"}],"about":[{"href":"https:\/\/www.gout-region.ch\/de\/wp-json\/wp\/v2\/types\/page"}],"author":[{"embeddable":true,"href":"https:\/\/www.gout-region.ch\/de\/wp-json\/wp\/v2\/users\/4"}],"replies":[{"embeddable":true,"href":"https:\/\/www.gout-region.ch\/de\/wp-json\/wp\/v2\/comments?post=9130"}],"version-history":[{"count":3,"href":"https:\/\/www.gout-region.ch\/de\/wp-json\/wp\/v2\/pages\/9130\/revisions"}],"predecessor-version":[{"id":9365,"href":"https:\/\/www.gout-region.ch\/de\/wp-json\/wp\/v2\/pages\/9130\/revisions\/9365"}],"wp:attachment":[{"href":"https:\/\/www.gout-region.ch\/de\/wp-json\/wp\/v2\/media?parent=9130"}],"curies":[{"name":"wp","href":"https:\/\/api.w.org\/{rel}","templated":true}]}}