{"id":9116,"date":"2025-12-12T11:25:36","date_gmt":"2025-12-12T10:25:36","guid":{"rendered":"https:\/\/www.gout-region.ch\/?page_id=9116"},"modified":"2025-12-12T12:14:23","modified_gmt":"2025-12-12T11:14:23","slug":"seminarraeume","status":"publish","type":"page","link":"https:\/\/www.gout-region.ch\/de\/seminarraeume\/","title":{"rendered":"Unsere Seminarr\u00e4ume"},"content":{"rendered":"<p>Unsere Seminarr\u00e4ume Organisieren Sie Ihre Seminare in einem einzigartigen Rahmen Ob Sie eine aussergew\u00f6hnliche Atmosph\u00e4re oder einen Ort mit besonderem Charme suchen \u2013 unsere beiden Seminarr\u00e4ume in den Asphaltminen und im H\u00f4tel de l\u2019Aigle passen sich sowohl Ihren berufl <a href=\"https:\/\/www.gout-region.ch\/de\/seminarraeume\/\" title=\"Read more on Unsere Seminarr\u00e4ume\" class=\"more-link\">mehr<\/a><\/p>\n","protected":false},"excerpt":{"rendered":"<p>Unsere Seminarr\u00e4ume Organisieren Sie Ihre Seminare in einem einzigartigen Rahmen Ob Sie eine aussergew\u00f6hnliche Atmosph\u00e4re oder einen Ort mit besonderem Charme suchen \u2013 unsere beiden Seminarr\u00e4ume in den Asphaltminen und im H\u00f4tel de l\u2019Aigle passen sich sowohl Ihren berufl mehr<\/p>\n","protected":false},"author":4,"featured_media":0,"parent":0,"menu_order":0,"comment_status":"closed","ping_status":"closed","template":"","meta":[],"yoast_head":"<!-- This site is optimized with the Yoast SEO plugin v15.9.2 - https:\/\/yoast.com\/wordpress\/plugins\/seo\/ -->\n<title>Go\u00fbt &amp; R\u00e9gion: unsere Seminarr\u00e4ume im Val-de-Travers<\/title>\n<meta name=\"description\" content=\"Entdecken Sie unsere verschiedenen Seminarr\u00e4ume in den Asphaltminen oder im H\u00f4tel de l\u2019Aigle im Val-de-Travers.\" \/>\n<meta name=\"robots\" content=\"index, follow, max-snippet:-1, max-image-preview:large, max-video-preview:-1\" \/>\n<link rel=\"canonical\" href=\"https:\/\/www.gout-region.ch\/de\/seminarraeume\/\" \/>\n<meta property=\"og:locale\" content=\"de_DE\" \/>\n<meta property=\"og:type\" content=\"article\" \/>\n<meta property=\"og:title\" content=\"Go\u00fbt &amp; R\u00e9gion: unsere Seminarr\u00e4ume im Val-de-Travers\" \/>\n<meta property=\"og:description\" content=\"Entdecken Sie unsere verschiedenen Seminarr\u00e4ume in den Asphaltminen oder im H\u00f4tel de l\u2019Aigle im Val-de-Travers.\" \/>\n<meta property=\"og:url\" content=\"https:\/\/www.gout-region.ch\/de\/seminarraeume\/\" \/>\n<meta property=\"og:site_name\" content=\"Go\u00fbt &amp; R\u00e9gion | Val-de-Travers\" \/>\n<meta property=\"article:publisher\" content=\"https:\/\/www.facebook.com\/goutetregion\/\" \/>\n<meta property=\"article:modified_time\" content=\"2025-12-12T11:14:23+00:00\" \/>\n<meta property=\"og:image\" content=\"https:\/\/www.gout-region.ch\/wp-content\/uploads\/2018\/07\/CreuxduVan.jpg\" \/>\n\t<meta property=\"og:image:width\" content=\"1500\" \/>\n\t<meta property=\"og:image:height\" content=\"768\" \/>\n<meta name=\"twitter:card\" content=\"summary_large_image\" \/>\n<meta name=\"twitter:label1\" content=\"Gesch\u00e4tzte Lesezeit\">\n\t<meta name=\"twitter:data1\" content=\"4\u00a0Minuten\">\n<script type=\"application\/ld+json\" class=\"yoast-schema-graph\">{\"@context\":\"https:\/\/schema.org\",\"@graph\":[{\"@type\":\"WebSite\",\"@id\":\"https:\/\/www.gout-region.ch\/de\/#website\",\"url\":\"https:\/\/www.gout-region.ch\/de\/\",\"name\":\"Go\\u00fbt &amp; R\\u00e9gion | Val-de-Travers\",\"description\":\"\",\"potentialAction\":[{\"@type\":\"SearchAction\",\"target\":\"https:\/\/www.gout-region.ch\/de\/?s={search_term_string}\",\"query-input\":\"required name=search_term_string\"}],\"inLanguage\":\"de\"},{\"@type\":\"WebPage\",\"@id\":\"https:\/\/www.gout-region.ch\/de\/seminarraeume\/#webpage\",\"url\":\"https:\/\/www.gout-region.ch\/de\/seminarraeume\/\",\"name\":\"Go\\u00fbt & R\\u00e9gion: unsere Seminarr\\u00e4ume im Val-de-Travers\",\"isPartOf\":{\"@id\":\"https:\/\/www.gout-region.ch\/de\/#website\"},\"datePublished\":\"2025-12-12T10:25:36+00:00\",\"dateModified\":\"2025-12-12T11:14:23+00:00\",\"description\":\"Entdecken Sie unsere verschiedenen Seminarr\\u00e4ume in den Asphaltminen oder im H\\u00f4tel de l\\u2019Aigle im Val-de-Travers.\",\"breadcrumb\":{\"@id\":\"https:\/\/www.gout-region.ch\/de\/seminarraeume\/#breadcrumb\"},\"inLanguage\":\"de\",\"potentialAction\":[{\"@type\":\"ReadAction\",\"target\":[\"https:\/\/www.gout-region.ch\/de\/seminarraeume\/\"]}]},{\"@type\":\"BreadcrumbList\",\"@id\":\"https:\/\/www.gout-region.ch\/de\/seminarraeume\/#breadcrumb\",\"itemListElement\":[{\"@type\":\"ListItem\",\"position\":1,\"item\":{\"@type\":\"WebPage\",\"@id\":\"https:\/\/www.gout-region.ch\/de\/\",\"url\":\"https:\/\/www.gout-region.ch\/de\/\",\"name\":\"Accueil\"}},{\"@type\":\"ListItem\",\"position\":2,\"item\":{\"@type\":\"WebPage\",\"@id\":\"https:\/\/www.gout-region.ch\/de\/seminarraeume\/\",\"url\":\"https:\/\/www.gout-region.ch\/de\/seminarraeume\/\",\"name\":\"Unsere Seminarr\\u00e4ume\"}}]}]}<\/script>\n<!-- \/ Yoast SEO plugin. -->","_links":{"self":[{"href":"https:\/\/www.gout-region.ch\/de\/wp-json\/wp\/v2\/pages\/9116"}],"collection":[{"href":"https:\/\/www.gout-region.ch\/de\/wp-json\/wp\/v2\/pages"}],"about":[{"href":"https:\/\/www.gout-region.ch\/de\/wp-json\/wp\/v2\/types\/page"}],"author":[{"embeddable":true,"href":"https:\/\/www.gout-region.ch\/de\/wp-json\/wp\/v2\/users\/4"}],"replies":[{"embeddable":true,"href":"https:\/\/www.gout-region.ch\/de\/wp-json\/wp\/v2\/comments?post=9116"}],"version-history":[{"count":3,"href":"https:\/\/www.gout-region.ch\/de\/wp-json\/wp\/v2\/pages\/9116\/revisions"}],"predecessor-version":[{"id":9363,"href":"https:\/\/www.gout-region.ch\/de\/wp-json\/wp\/v2\/pages\/9116\/revisions\/9363"}],"wp:attachment":[{"href":"https:\/\/www.gout-region.ch\/de\/wp-json\/wp\/v2\/media?parent=9116"}],"curies":[{"name":"wp","href":"https:\/\/api.w.org\/{rel}","templated":true}]}}