{"id":6367,"date":"2020-01-29T16:29:50","date_gmt":"2020-01-29T15:29:50","guid":{"rendered":"https:\/\/www.gout-region.ch\/recherche-developpement\/"},"modified":"2020-10-13T10:44:37","modified_gmt":"2020-10-13T08:44:37","slug":"forschung-entwicklung","status":"publish","type":"page","link":"https:\/\/www.gout-region.ch\/de\/forschung-entwicklung\/","title":{"rendered":"Forschung &#038; Entwicklung"},"content":{"rendered":"<p>Forschung &amp; Entwicklung im Val-de-Travers Seit 2014 arbeitet Go\u00fbt &amp; R\u00e9gion mit einem Team von Fachleuten f\u00fcr Informationserhebung, Analyse und Beratung, spezialisiert auf den Gebieten Tourismus, Hotellerie und Gastronomie. Mit ihren fachkundigen und erfahrenen M <a href=\"https:\/\/www.gout-region.ch\/de\/forschung-entwicklung\/\" title=\"Read more on Forschung &#038; Entwicklung\" class=\"more-link\">mehr<\/a><\/p>\n","protected":false},"excerpt":{"rendered":"<p>Forschung &amp; Entwicklung im Val-de-Travers Seit 2014 arbeitet Go\u00fbt &amp; R\u00e9gion mit einem Team von Fachleuten f\u00fcr Informationserhebung, Analyse und Beratung, spezialisiert auf den Gebieten Tourismus, Hotellerie und Gastronomie. Mit ihren fachkundigen und erfahrenen M mehr<\/p>\n","protected":false},"author":1,"featured_media":0,"parent":0,"menu_order":0,"comment_status":"closed","ping_status":"closed","template":"","meta":[],"yoast_head":"<!-- This site is optimized with the Yoast SEO plugin v15.9.2 - https:\/\/yoast.com\/wordpress\/plugins\/seo\/ -->\n<title>Go\u00fbt &amp; R\u00e9gion: Forschungsprojekte im Val-de-Travers<\/title>\n<meta name=\"description\" content=\"Informationserhebung, Analyse und Beratung f\u00fcr Tourismus, Hotellerie und Gastronomie \u2013 Forschungsprojekte im Val-de-Travers.\" \/>\n<meta name=\"robots\" content=\"index, follow, max-snippet:-1, max-image-preview:large, max-video-preview:-1\" \/>\n<link rel=\"canonical\" href=\"https:\/\/www.gout-region.ch\/de\/forschung-entwicklung\/\" \/>\n<meta property=\"og:locale\" content=\"de_DE\" \/>\n<meta property=\"og:type\" content=\"article\" \/>\n<meta property=\"og:title\" content=\"Go\u00fbt &amp; R\u00e9gion: Forschungsprojekte im Val-de-Travers\" \/>\n<meta property=\"og:description\" content=\"Informationserhebung, Analyse und Beratung f\u00fcr Tourismus, Hotellerie und Gastronomie \u2013 Forschungsprojekte im Val-de-Travers.\" \/>\n<meta property=\"og:url\" content=\"https:\/\/www.gout-region.ch\/de\/forschung-entwicklung\/\" \/>\n<meta property=\"og:site_name\" content=\"Go\u00fbt &amp; R\u00e9gion | Val-de-Travers\" \/>\n<meta property=\"article:publisher\" content=\"https:\/\/www.facebook.com\/goutetregion\/\" \/>\n<meta property=\"article:modified_time\" content=\"2020-10-13T08:44:37+00:00\" \/>\n<meta property=\"og:image\" content=\"https:\/\/www.gout-region.ch\/wp-content\/uploads\/2018\/07\/CreuxduVan.jpg\" \/>\n\t<meta property=\"og:image:width\" content=\"1500\" \/>\n\t<meta property=\"og:image:height\" content=\"768\" \/>\n<meta name=\"twitter:card\" content=\"summary_large_image\" \/>\n<meta name=\"twitter:label1\" content=\"Gesch\u00e4tzte Lesezeit\">\n\t<meta name=\"twitter:data1\" content=\"5\u00a0Minuten\">\n<script type=\"application\/ld+json\" class=\"yoast-schema-graph\">{\"@context\":\"https:\/\/schema.org\",\"@graph\":[{\"@type\":\"WebSite\",\"@id\":\"https:\/\/www.gout-region.ch\/de\/#website\",\"url\":\"https:\/\/www.gout-region.ch\/de\/\",\"name\":\"Go\\u00fbt &amp; R\\u00e9gion | Val-de-Travers\",\"description\":\"\",\"potentialAction\":[{\"@type\":\"SearchAction\",\"target\":\"https:\/\/www.gout-region.ch\/de\/?s={search_term_string}\",\"query-input\":\"required name=search_term_string\"}],\"inLanguage\":\"de\"},{\"@type\":\"WebPage\",\"@id\":\"https:\/\/www.gout-region.ch\/de\/forschung-entwicklung\/#webpage\",\"url\":\"https:\/\/www.gout-region.ch\/de\/forschung-entwicklung\/\",\"name\":\"Go\\u00fbt & R\\u00e9gion: Forschungsprojekte im Val-de-Travers\",\"isPartOf\":{\"@id\":\"https:\/\/www.gout-region.ch\/de\/#website\"},\"datePublished\":\"2020-01-29T15:29:50+00:00\",\"dateModified\":\"2020-10-13T08:44:37+00:00\",\"description\":\"Informationserhebung, Analyse und Beratung f\\u00fcr Tourismus, Hotellerie und Gastronomie \\u2013 Forschungsprojekte im Val-de-Travers.\",\"breadcrumb\":{\"@id\":\"https:\/\/www.gout-region.ch\/de\/forschung-entwicklung\/#breadcrumb\"},\"inLanguage\":\"de\",\"potentialAction\":[{\"@type\":\"ReadAction\",\"target\":[\"https:\/\/www.gout-region.ch\/de\/forschung-entwicklung\/\"]}]},{\"@type\":\"BreadcrumbList\",\"@id\":\"https:\/\/www.gout-region.ch\/de\/forschung-entwicklung\/#breadcrumb\",\"itemListElement\":[{\"@type\":\"ListItem\",\"position\":1,\"item\":{\"@type\":\"WebPage\",\"@id\":\"https:\/\/www.gout-region.ch\/de\/\",\"url\":\"https:\/\/www.gout-region.ch\/de\/\",\"name\":\"Accueil\"}},{\"@type\":\"ListItem\",\"position\":2,\"item\":{\"@type\":\"WebPage\",\"@id\":\"https:\/\/www.gout-region.ch\/de\/forschung-entwicklung\/\",\"url\":\"https:\/\/www.gout-region.ch\/de\/forschung-entwicklung\/\",\"name\":\"Forschung &#038; Entwicklung\"}}]}]}<\/script>\n<!-- \/ Yoast SEO plugin. -->","_links":{"self":[{"href":"https:\/\/www.gout-region.ch\/de\/wp-json\/wp\/v2\/pages\/6367"}],"collection":[{"href":"https:\/\/www.gout-region.ch\/de\/wp-json\/wp\/v2\/pages"}],"about":[{"href":"https:\/\/www.gout-region.ch\/de\/wp-json\/wp\/v2\/types\/page"}],"author":[{"embeddable":true,"href":"https:\/\/www.gout-region.ch\/de\/wp-json\/wp\/v2\/users\/1"}],"replies":[{"embeddable":true,"href":"https:\/\/www.gout-region.ch\/de\/wp-json\/wp\/v2\/comments?post=6367"}],"version-history":[{"count":9,"href":"https:\/\/www.gout-region.ch\/de\/wp-json\/wp\/v2\/pages\/6367\/revisions"}],"predecessor-version":[{"id":7640,"href":"https:\/\/www.gout-region.ch\/de\/wp-json\/wp\/v2\/pages\/6367\/revisions\/7640"}],"wp:attachment":[{"href":"https:\/\/www.gout-region.ch\/de\/wp-json\/wp\/v2\/media?parent=6367"}],"curies":[{"name":"wp","href":"https:\/\/api.w.org\/{rel}","templated":true}]}}