{"id":2973,"date":"2018-07-31T07:56:29","date_gmt":"2018-07-31T05:56:29","guid":{"rendered":"https:\/\/www.gout-region.ch\/formulaire-de-contact\/"},"modified":"2020-05-06T09:54:04","modified_gmt":"2020-05-06T07:54:04","slug":"kontaktformular","status":"publish","type":"page","link":"https:\/\/www.gout-region.ch\/de\/kontaktformular\/","title":{"rendered":"Kontaktformular"},"content":{"rendered":"<p>Kontaktieren Sie uns W\u00fcnschen Sie weitergehende Informationen \u00fcber unsere Angebote, eine Reservation f\u00fcr ein gef\u00fchrtes Tour oder eine Offerte f\u00fcr Ihren n\u00e4chsten Ausflug? Z\u00f6gern Sie nicht, uns Ihr Anliegen per untenstehendem Formular mitzuteilen. Wir werden Ihnen so rasc <a href=\"https:\/\/www.gout-region.ch\/de\/kontaktformular\/\" title=\"Read more on Kontaktformular\" class=\"more-link\">mehr<\/a><\/p>\n","protected":false},"excerpt":{"rendered":"<p>Kontaktieren Sie uns W\u00fcnschen Sie weitergehende Informationen \u00fcber unsere Angebote, eine Reservation f\u00fcr ein gef\u00fchrtes Tour oder eine Offerte f\u00fcr Ihren n\u00e4chsten Ausflug? Z\u00f6gern Sie nicht, uns Ihr Anliegen per untenstehendem Formular mitzuteilen. Wir werden Ihnen so rasc mehr<\/p>\n","protected":false},"author":1,"featured_media":0,"parent":0,"menu_order":0,"comment_status":"closed","ping_status":"closed","template":"","meta":[],"yoast_head":"<!-- This site is optimized with the Yoast SEO plugin v15.9.2 - https:\/\/yoast.com\/wordpress\/plugins\/seo\/ -->\n<title>Kontaktformular - Go\u00fbt &amp; R\u00e9gion | Val-de-Travers<\/title>\n<meta name=\"robots\" content=\"index, follow, max-snippet:-1, max-image-preview:large, max-video-preview:-1\" \/>\n<link rel=\"canonical\" href=\"https:\/\/www.gout-region.ch\/de\/kontaktformular\/\" \/>\n<meta property=\"og:locale\" content=\"de_DE\" \/>\n<meta property=\"og:type\" content=\"article\" \/>\n<meta property=\"og:title\" content=\"Kontaktformular - Go\u00fbt &amp; R\u00e9gion | Val-de-Travers\" \/>\n<meta property=\"og:description\" content=\"Kontaktieren Sie uns W\u00fcnschen Sie weitergehende Informationen \u00fcber unsere Angebote, eine Reservation f\u00fcr ein gef\u00fchrtes Tour oder eine Offerte f\u00fcr Ihren n\u00e4chsten Ausflug? Z\u00f6gern Sie nicht, uns Ihr Anliegen per untenstehendem Formular mitzuteilen. Wir werden Ihnen so rasc mehr\" \/>\n<meta property=\"og:url\" content=\"https:\/\/www.gout-region.ch\/de\/kontaktformular\/\" \/>\n<meta property=\"og:site_name\" content=\"Go\u00fbt &amp; R\u00e9gion | Val-de-Travers\" \/>\n<meta property=\"article:publisher\" content=\"https:\/\/www.facebook.com\/goutetregion\/\" \/>\n<meta property=\"article:modified_time\" content=\"2020-05-06T07:54:04+00:00\" \/>\n<meta property=\"og:image\" content=\"https:\/\/www.gout-region.ch\/wp-content\/uploads\/2018\/07\/CreuxduVan.jpg\" \/>\n\t<meta property=\"og:image:width\" content=\"1500\" \/>\n\t<meta property=\"og:image:height\" content=\"768\" \/>\n<meta name=\"twitter:card\" content=\"summary_large_image\" \/>\n<meta name=\"twitter:label1\" content=\"Gesch\u00e4tzte Lesezeit\">\n\t<meta name=\"twitter:data1\" content=\"2\u00a0Minuten\">\n<script type=\"application\/ld+json\" class=\"yoast-schema-graph\">{\"@context\":\"https:\/\/schema.org\",\"@graph\":[{\"@type\":\"WebSite\",\"@id\":\"https:\/\/www.gout-region.ch\/de\/#website\",\"url\":\"https:\/\/www.gout-region.ch\/de\/\",\"name\":\"Go\\u00fbt &amp; R\\u00e9gion | Val-de-Travers\",\"description\":\"\",\"potentialAction\":[{\"@type\":\"SearchAction\",\"target\":\"https:\/\/www.gout-region.ch\/de\/?s={search_term_string}\",\"query-input\":\"required name=search_term_string\"}],\"inLanguage\":\"de\"},{\"@type\":\"WebPage\",\"@id\":\"https:\/\/www.gout-region.ch\/de\/kontaktformular\/#webpage\",\"url\":\"https:\/\/www.gout-region.ch\/de\/kontaktformular\/\",\"name\":\"Kontaktformular - Go\\u00fbt &amp; R\\u00e9gion | Val-de-Travers\",\"isPartOf\":{\"@id\":\"https:\/\/www.gout-region.ch\/de\/#website\"},\"datePublished\":\"2018-07-31T05:56:29+00:00\",\"dateModified\":\"2020-05-06T07:54:04+00:00\",\"breadcrumb\":{\"@id\":\"https:\/\/www.gout-region.ch\/de\/kontaktformular\/#breadcrumb\"},\"inLanguage\":\"de\",\"potentialAction\":[{\"@type\":\"ReadAction\",\"target\":[\"https:\/\/www.gout-region.ch\/de\/kontaktformular\/\"]}]},{\"@type\":\"BreadcrumbList\",\"@id\":\"https:\/\/www.gout-region.ch\/de\/kontaktformular\/#breadcrumb\",\"itemListElement\":[{\"@type\":\"ListItem\",\"position\":1,\"item\":{\"@type\":\"WebPage\",\"@id\":\"https:\/\/www.gout-region.ch\/de\/\",\"url\":\"https:\/\/www.gout-region.ch\/de\/\",\"name\":\"Accueil\"}},{\"@type\":\"ListItem\",\"position\":2,\"item\":{\"@type\":\"WebPage\",\"@id\":\"https:\/\/www.gout-region.ch\/de\/kontaktformular\/\",\"url\":\"https:\/\/www.gout-region.ch\/de\/kontaktformular\/\",\"name\":\"Kontaktformular\"}}]}]}<\/script>\n<!-- \/ Yoast SEO plugin. -->","_links":{"self":[{"href":"https:\/\/www.gout-region.ch\/de\/wp-json\/wp\/v2\/pages\/2973"}],"collection":[{"href":"https:\/\/www.gout-region.ch\/de\/wp-json\/wp\/v2\/pages"}],"about":[{"href":"https:\/\/www.gout-region.ch\/de\/wp-json\/wp\/v2\/types\/page"}],"author":[{"embeddable":true,"href":"https:\/\/www.gout-region.ch\/de\/wp-json\/wp\/v2\/users\/1"}],"replies":[{"embeddable":true,"href":"https:\/\/www.gout-region.ch\/de\/wp-json\/wp\/v2\/comments?post=2973"}],"version-history":[{"count":4,"href":"https:\/\/www.gout-region.ch\/de\/wp-json\/wp\/v2\/pages\/2973\/revisions"}],"predecessor-version":[{"id":6550,"href":"https:\/\/www.gout-region.ch\/de\/wp-json\/wp\/v2\/pages\/2973\/revisions\/6550"}],"wp:attachment":[{"href":"https:\/\/www.gout-region.ch\/de\/wp-json\/wp\/v2\/media?parent=2973"}],"curies":[{"name":"wp","href":"https:\/\/api.w.org\/{rel}","templated":true}]}}