{"id":2964,"date":"2016-09-27T11:12:49","date_gmt":"2016-09-27T09:12:49","guid":{"rendered":"https:\/\/www.gout-region.ch\/contact\/"},"modified":"2026-05-10T17:01:07","modified_gmt":"2026-05-10T15:01:07","slug":"kontakt","status":"publish","type":"page","link":"https:\/\/www.gout-region.ch\/de\/kontakt\/","title":{"rendered":"Kontakt"},"content":{"rendered":"<p>Kontaktieren Sie uns online W\u00fcnschen Sie weitergehende Informationen \u00fcber unsere Angebote, eine Reservation f\u00fcr eine gef\u00fchrte Tour oder eine Offerte f\u00fcr Ihren n\u00e4chsten Ausflug? Z\u00f6gern Sie nicht, uns Ihr Anliegen per untenstehendem Formular mitzuteilen. Wir werden Ihnen  <a href=\"https:\/\/www.gout-region.ch\/de\/kontakt\/\" title=\"Read more on Kontakt\" class=\"more-link\">mehr<\/a><\/p>\n","protected":false},"excerpt":{"rendered":"<p>Kontaktieren Sie uns online W\u00fcnschen Sie weitergehende Informationen \u00fcber unsere Angebote, eine Reservation f\u00fcr eine gef\u00fchrte Tour oder eine Offerte f\u00fcr Ihren n\u00e4chsten Ausflug? Z\u00f6gern Sie nicht, uns Ihr Anliegen per untenstehendem Formular mitzuteilen. Wir werden Ihnen mehr<\/p>\n","protected":false},"author":1,"featured_media":0,"parent":0,"menu_order":0,"comment_status":"closed","ping_status":"closed","template":"","meta":[],"yoast_head":"<!-- This site is optimized with the Yoast SEO plugin v15.9.2 - https:\/\/yoast.com\/wordpress\/plugins\/seo\/ -->\n<title>Kontakt - Go\u00fbt &amp; R\u00e9gion | Val-de-Travers<\/title>\n<meta name=\"robots\" content=\"index, follow, max-snippet:-1, max-image-preview:large, max-video-preview:-1\" \/>\n<link rel=\"canonical\" href=\"https:\/\/www.gout-region.ch\/de\/kontakt\/\" \/>\n<meta property=\"og:locale\" content=\"de_DE\" \/>\n<meta property=\"og:type\" content=\"article\" \/>\n<meta property=\"og:title\" content=\"Kontakt - Go\u00fbt &amp; R\u00e9gion | Val-de-Travers\" \/>\n<meta property=\"og:description\" content=\"Kontaktieren Sie uns online W\u00fcnschen Sie weitergehende Informationen \u00fcber unsere Angebote, eine Reservation f\u00fcr eine gef\u00fchrte Tour oder eine Offerte f\u00fcr Ihren n\u00e4chsten Ausflug? Z\u00f6gern Sie nicht, uns Ihr Anliegen per untenstehendem Formular mitzuteilen. Wir werden Ihnen mehr\" \/>\n<meta property=\"og:url\" content=\"https:\/\/www.gout-region.ch\/de\/kontakt\/\" \/>\n<meta property=\"og:site_name\" content=\"Go\u00fbt &amp; R\u00e9gion | Val-de-Travers\" \/>\n<meta property=\"article:publisher\" content=\"https:\/\/www.facebook.com\/goutetregion\/\" \/>\n<meta property=\"article:modified_time\" content=\"2026-05-10T15:01:07+00:00\" \/>\n<meta property=\"og:image\" content=\"https:\/\/www.gout-region.ch\/wp-content\/uploads\/2018\/07\/CreuxduVan.jpg\" \/>\n\t<meta property=\"og:image:width\" content=\"1500\" \/>\n\t<meta property=\"og:image:height\" content=\"768\" \/>\n<meta name=\"twitter:card\" content=\"summary_large_image\" \/>\n<meta name=\"twitter:label1\" content=\"Gesch\u00e4tzte Lesezeit\">\n\t<meta name=\"twitter:data1\" content=\"6\u00a0Minuten\">\n<script type=\"application\/ld+json\" class=\"yoast-schema-graph\">{\"@context\":\"https:\/\/schema.org\",\"@graph\":[{\"@type\":\"WebSite\",\"@id\":\"https:\/\/www.gout-region.ch\/de\/#website\",\"url\":\"https:\/\/www.gout-region.ch\/de\/\",\"name\":\"Go\\u00fbt &amp; R\\u00e9gion | Val-de-Travers\",\"description\":\"\",\"potentialAction\":[{\"@type\":\"SearchAction\",\"target\":\"https:\/\/www.gout-region.ch\/de\/?s={search_term_string}\",\"query-input\":\"required name=search_term_string\"}],\"inLanguage\":\"de\"},{\"@type\":\"WebPage\",\"@id\":\"https:\/\/www.gout-region.ch\/de\/kontakt\/#webpage\",\"url\":\"https:\/\/www.gout-region.ch\/de\/kontakt\/\",\"name\":\"Kontakt - Go\\u00fbt &amp; R\\u00e9gion | Val-de-Travers\",\"isPartOf\":{\"@id\":\"https:\/\/www.gout-region.ch\/de\/#website\"},\"datePublished\":\"2016-09-27T09:12:49+00:00\",\"dateModified\":\"2026-05-10T15:01:07+00:00\",\"breadcrumb\":{\"@id\":\"https:\/\/www.gout-region.ch\/de\/kontakt\/#breadcrumb\"},\"inLanguage\":\"de\",\"potentialAction\":[{\"@type\":\"ReadAction\",\"target\":[\"https:\/\/www.gout-region.ch\/de\/kontakt\/\"]}]},{\"@type\":\"BreadcrumbList\",\"@id\":\"https:\/\/www.gout-region.ch\/de\/kontakt\/#breadcrumb\",\"itemListElement\":[{\"@type\":\"ListItem\",\"position\":1,\"item\":{\"@type\":\"WebPage\",\"@id\":\"https:\/\/www.gout-region.ch\/de\/\",\"url\":\"https:\/\/www.gout-region.ch\/de\/\",\"name\":\"Accueil\"}},{\"@type\":\"ListItem\",\"position\":2,\"item\":{\"@type\":\"WebPage\",\"@id\":\"https:\/\/www.gout-region.ch\/de\/kontakt\/\",\"url\":\"https:\/\/www.gout-region.ch\/de\/kontakt\/\",\"name\":\"Kontakt\"}}]}]}<\/script>\n<!-- \/ Yoast SEO plugin. -->","_links":{"self":[{"href":"https:\/\/www.gout-region.ch\/de\/wp-json\/wp\/v2\/pages\/2964"}],"collection":[{"href":"https:\/\/www.gout-region.ch\/de\/wp-json\/wp\/v2\/pages"}],"about":[{"href":"https:\/\/www.gout-region.ch\/de\/wp-json\/wp\/v2\/types\/page"}],"author":[{"embeddable":true,"href":"https:\/\/www.gout-region.ch\/de\/wp-json\/wp\/v2\/users\/1"}],"replies":[{"embeddable":true,"href":"https:\/\/www.gout-region.ch\/de\/wp-json\/wp\/v2\/comments?post=2964"}],"version-history":[{"count":100,"href":"https:\/\/www.gout-region.ch\/de\/wp-json\/wp\/v2\/pages\/2964\/revisions"}],"predecessor-version":[{"id":9440,"href":"https:\/\/www.gout-region.ch\/de\/wp-json\/wp\/v2\/pages\/2964\/revisions\/9440"}],"wp:attachment":[{"href":"https:\/\/www.gout-region.ch\/de\/wp-json\/wp\/v2\/media?parent=2964"}],"curies":[{"name":"wp","href":"https:\/\/api.w.org\/{rel}","templated":true}]}}