{"id":2228,"date":"2016-09-27T11:10:46","date_gmt":"2016-09-27T09:10:46","guid":{"rendered":"https:\/\/www.gout-region.ch\/?page_id=2228"},"modified":"2025-12-12T11:48:45","modified_gmt":"2025-12-12T10:48:45","slug":"home","status":"publish","type":"page","link":"https:\/\/www.gout-region.ch\/de\/","title":{"rendered":"Home"},"content":{"rendered":"<p>Erlebnisse im Val-de-Travers Reise zum Mittelpunkt der Erde Das Hotel im Val-de-Travers f\u00fcr Team-Events, Vereine, Firmen und Gruppen &nbsp; &nbsp; Erleben Sie das Val-de-Travers: Willkommen bei Go\u00fbt &amp; R\u00e9gion! &nbsp; Das Team von Go\u00fbt &amp; R\u00e9gion begleitet Sie bei d <a href=\"https:\/\/www.gout-region.ch\/de\/\" title=\"Read more on Home\" class=\"more-link\">mehr<\/a><\/p>\n","protected":false},"excerpt":{"rendered":"<p>Erlebnisse im Val-de-Travers Reise zum Mittelpunkt der Erde Das Hotel im Val-de-Travers f\u00fcr Team-Events, Vereine, Firmen und Gruppen &nbsp; &nbsp; Erleben Sie das Val-de-Travers: Willkommen bei Go\u00fbt &amp; R\u00e9gion! &nbsp; Das Team von Go\u00fbt &amp; R\u00e9gion begleitet Sie bei d mehr<\/p>\n","protected":false},"author":1,"featured_media":0,"parent":0,"menu_order":0,"comment_status":"closed","ping_status":"closed","template":"","meta":[],"yoast_head":"<!-- This site is optimized with the Yoast SEO plugin v15.9.2 - https:\/\/yoast.com\/wordpress\/plugins\/seo\/ -->\n<title>Go\u00fbt &amp; R\u00e9gion: Erlebnisse im Val-de-Travers<\/title>\n<meta name=\"description\" content=\"Wandern, Biken, Geniessen, Ausfl\u00fcge und noch viel mehr: Go\u00fbt &amp; R\u00e9gion ist Ihr Partner f\u00fcr Ihre Erlebnisse im Val-de-Travers.\" \/>\n<meta name=\"robots\" content=\"index, follow, max-snippet:-1, max-image-preview:large, max-video-preview:-1\" \/>\n<link rel=\"canonical\" href=\"https:\/\/www.gout-region.ch\/de\/\" \/>\n<meta property=\"og:locale\" content=\"de_DE\" \/>\n<meta property=\"og:type\" content=\"article\" \/>\n<meta property=\"og:title\" content=\"Go\u00fbt &amp; R\u00e9gion: Erlebnisse im Val-de-Travers\" \/>\n<meta property=\"og:description\" content=\"Wandern, Biken, Geniessen, Ausfl\u00fcge und noch viel mehr: Go\u00fbt &amp; R\u00e9gion ist Ihr Partner f\u00fcr Ihre Erlebnisse im Val-de-Travers.\" \/>\n<meta property=\"og:url\" content=\"https:\/\/www.gout-region.ch\/de\/\" \/>\n<meta property=\"og:site_name\" content=\"Go\u00fbt &amp; R\u00e9gion | Val-de-Travers\" \/>\n<meta property=\"article:publisher\" content=\"https:\/\/www.facebook.com\/goutetregion\/\" \/>\n<meta property=\"article:modified_time\" content=\"2025-12-12T10:48:45+00:00\" \/>\n<meta property=\"og:image\" content=\"https:\/\/www.gout-region.ch\/wp-content\/uploads\/2018\/07\/CreuxduVan.jpg\" \/>\n\t<meta property=\"og:image:width\" content=\"1500\" \/>\n\t<meta property=\"og:image:height\" content=\"768\" \/>\n<meta name=\"twitter:card\" content=\"summary_large_image\" \/>\n<meta name=\"twitter:label1\" content=\"Gesch\u00e4tzte Lesezeit\">\n\t<meta name=\"twitter:data1\" content=\"12\u00a0Minuten\">\n<script type=\"application\/ld+json\" class=\"yoast-schema-graph\">{\"@context\":\"https:\/\/schema.org\",\"@graph\":[{\"@type\":\"WebSite\",\"@id\":\"https:\/\/www.gout-region.ch\/de\/#website\",\"url\":\"https:\/\/www.gout-region.ch\/de\/\",\"name\":\"Go\\u00fbt &amp; R\\u00e9gion | Val-de-Travers\",\"description\":\"\",\"potentialAction\":[{\"@type\":\"SearchAction\",\"target\":\"https:\/\/www.gout-region.ch\/de\/?s={search_term_string}\",\"query-input\":\"required name=search_term_string\"}],\"inLanguage\":\"de\"},{\"@type\":\"WebPage\",\"@id\":\"https:\/\/www.gout-region.ch\/de\/#webpage\",\"url\":\"https:\/\/www.gout-region.ch\/de\/\",\"name\":\"Go\\u00fbt & R\\u00e9gion: Erlebnisse im Val-de-Travers\",\"isPartOf\":{\"@id\":\"https:\/\/www.gout-region.ch\/de\/#website\"},\"datePublished\":\"2016-09-27T09:10:46+00:00\",\"dateModified\":\"2025-12-12T10:48:45+00:00\",\"description\":\"Wandern, Biken, Geniessen, Ausfl\\u00fcge und noch viel mehr: Go\\u00fbt & R\\u00e9gion ist Ihr Partner f\\u00fcr Ihre Erlebnisse im Val-de-Travers.\",\"breadcrumb\":{\"@id\":\"https:\/\/www.gout-region.ch\/de\/#breadcrumb\"},\"inLanguage\":\"de\",\"potentialAction\":[{\"@type\":\"ReadAction\",\"target\":[\"https:\/\/www.gout-region.ch\/de\/\"]}]},{\"@type\":\"BreadcrumbList\",\"@id\":\"https:\/\/www.gout-region.ch\/de\/#breadcrumb\",\"itemListElement\":[{\"@type\":\"ListItem\",\"position\":1,\"item\":{\"@type\":\"WebPage\",\"@id\":\"https:\/\/www.gout-region.ch\/de\/\",\"url\":\"https:\/\/www.gout-region.ch\/de\/\",\"name\":\"Accueil\"}},{\"@type\":\"ListItem\",\"position\":2,\"item\":{\"@type\":\"WebPage\",\"@id\":\"https:\/\/www.gout-region.ch\/de\/\",\"url\":\"https:\/\/www.gout-region.ch\/de\/\",\"name\":\"Home\"}}]}]}<\/script>\n<!-- \/ Yoast SEO plugin. -->","_links":{"self":[{"href":"https:\/\/www.gout-region.ch\/de\/wp-json\/wp\/v2\/pages\/2228"}],"collection":[{"href":"https:\/\/www.gout-region.ch\/de\/wp-json\/wp\/v2\/pages"}],"about":[{"href":"https:\/\/www.gout-region.ch\/de\/wp-json\/wp\/v2\/types\/page"}],"author":[{"embeddable":true,"href":"https:\/\/www.gout-region.ch\/de\/wp-json\/wp\/v2\/users\/1"}],"replies":[{"embeddable":true,"href":"https:\/\/www.gout-region.ch\/de\/wp-json\/wp\/v2\/comments?post=2228"}],"version-history":[{"count":57,"href":"https:\/\/www.gout-region.ch\/de\/wp-json\/wp\/v2\/pages\/2228\/revisions"}],"predecessor-version":[{"id":9351,"href":"https:\/\/www.gout-region.ch\/de\/wp-json\/wp\/v2\/pages\/2228\/revisions\/9351"}],"wp:attachment":[{"href":"https:\/\/www.gout-region.ch\/de\/wp-json\/wp\/v2\/media?parent=2228"}],"curies":[{"name":"wp","href":"https:\/\/api.w.org\/{rel}","templated":true}]}}